{"id":9042,"date":"2018-03-06T11:57:10","date_gmt":"2018-03-06T10:57:10","guid":{"rendered":"https:\/\/easyoneweb.monacodigitalpower.com\/about-easyone\/"},"modified":"2023-08-30T14:09:20","modified_gmt":"2023-08-30T12:09:20","slug":"about-easyone","status":"publish","type":"page","link":"https:\/\/www.easyone.mc\/fr\/about-easyone\/","title":{"rendered":"La simplicit\u00e9 est la forme ultime <br \/> de la sophistication"},"content":{"rendered":"<section class=\"wpb-content-wrapper\"><p>[vc_row row_content_width=\u00a0\u00bbgrid\u00a0\u00bb css=\u00a0\u00bb.vc_custom_1519306270281{margin-top: 70px !important;}\u00a0\u00bb][vc_column][vc_column_text]<\/p>\n<h2>Nos solutions sont construites sur mesure, pour r\u00e9pondre avec pr\u00e9cision aux besoins m\u00e9tiers de nos clients tout en restant accessibles au plus grand nombre dans leur usage quotidien.<\/h2>\n<p>[\/vc_column_text][vc_row_inner css=\u00a0\u00bb.vc_custom_1519220038183{margin-bottom: 100px !important;}\u00a0\u00bb][vc_column_inner width=\u00a0\u00bb2\/3&Prime;][vc_column_text]easyOne propose des solutions qui facilitent l\u2019exploitation et la diffusion de contenus num\u00e9riques et le pilotage de vos \u00e9quipements IOT au travers d\u2019une interface multim\u00e9dia unique compatible avec tout types d\u2019\u00e9crans[\/vc_column_text][\/vc_column_inner][vc_column_inner width=\u00a0\u00bb1\/3&Prime; css=\u00a0\u00bb.vc_custom_1519220681352{margin-top: 20px !important;}\u00a0\u00bb]<a itemprop=\"url\" href=\"\/fr\/contactez-nous\/\" target=\"_self\" style=\"color: #ffffff;background-color: #f38438;margin: 0px 0px 0px 30px\" class=\"eltdf-btn eltdf-btn-medium eltdf-btn-solid\"  >\n    <span class=\"eltdf-btn-text\">CONTACTEZ-NOUS<\/span>\n    <\/a>[\/vc_column_inner][\/vc_row_inner][\/vc_column][\/vc_row]<\/p>\n<\/section>","protected":false},"excerpt":{"rendered":"<p>[vc_row row_content_width=\u00a0\u00bbgrid\u00a0\u00bb css=\u00a0\u00bb.vc_custom_1519306270281{margin-top: 70px !important;}\u00a0\u00bb][vc_column][vc_column_text] Nos solutions sont construites sur mesure, pour r\u00e9pondre avec pr\u00e9cision aux besoins m\u00e9tiers de nos clients tout en restant accessibles au plus grand nombre dans leur usage quotidien. [\/vc_column_text][vc_row_inner css=\u00a0\u00bb.vc_custom_1519220038183{margin-bottom: 100px !important;}\u00a0\u00bb][vc_column_inner width=\u00a0\u00bb2\/3&Prime;][vc_column_text]easyOne propose des solutions qui facilitent l\u2019exploitation et [&hellip;]<\/p>\n","protected":false},"author":1,"featured_media":0,"parent":0,"menu_order":0,"comment_status":"closed","ping_status":"closed","template":"full-width.php","meta":{"om_disable_all_campaigns":false,"_monsterinsights_skip_tracking":false,"_monsterinsights_sitenote_active":false,"_monsterinsights_sitenote_note":"","_monsterinsights_sitenote_category":0,"_uf_show_specific_survey":0,"_uf_disable_surveys":false,"footnotes":""},"aioseo_notices":[],"_links":{"self":[{"href":"https:\/\/www.easyone.mc\/fr\/wp-json\/wp\/v2\/pages\/9042\/"}],"collection":[{"href":"https:\/\/www.easyone.mc\/fr\/wp-json\/wp\/v2\/pages\/"}],"about":[{"href":"https:\/\/www.easyone.mc\/fr\/wp-json\/wp\/v2\/types\/page\/"}],"author":[{"embeddable":true,"href":"https:\/\/www.easyone.mc\/fr\/wp-json\/wp\/v2\/users\/1\/"}],"replies":[{"embeddable":true,"href":"https:\/\/www.easyone.mc\/fr\/wp-json\/wp\/v2\/comments\/?post=9042"}],"version-history":[{"count":0,"href":"https:\/\/www.easyone.mc\/fr\/wp-json\/wp\/v2\/pages\/9042\/revisions\/"}],"wp:attachment":[{"href":"https:\/\/www.easyone.mc\/fr\/wp-json\/wp\/v2\/media\/?parent=9042"}],"curies":[{"name":"wp","href":"https:\/\/api.w.org\/{rel}","templated":true}]}}