{"id":9144,"date":"2017-10-13T10:34:43","date_gmt":"2017-10-13T08:34:43","guid":{"rendered":"https:\/\/easyoneweb.monacodigitalpower.com\/ghx-custom\/"},"modified":"2023-08-30T14:42:29","modified_gmt":"2023-08-30T12:42:29","slug":"ghx-custom","status":"publish","type":"page","link":"https:\/\/www.easyone.mc\/fr\/ghx-custom\/","title":{"rendered":"GHX Custom fr"},"content":{"rendered":"<section class=\"wpb-content-wrapper\"><p>[vc_row][vc_column]<div class=\"eltdf-elements-holder eltdf-responsive-mode-1024\" ><div class=\"eltdf-elements-holder-item eltdf-width-1-4 eltdf-vertical-alignment-middle eltdf-horizontal-alignment-center eltdf-fade-in\" data-animation=\"eltdf-fade-in\" data-item-class=\"eltdf-elements-holder-custom-883459\" data-768-1024=\"12% 0\" data-600-768=\"12% 0\" data-480-600=\"42px 0\" data-480=\"42px 0\" style=\"transition-delay:0ms;-webkit-transition-delay:0ms;background-color: #ef8018\">\n        <div class=\"eltdf-elements-holder-item-inner\">\n        <div class=\"eltdf-elements-holder-item-content eltdf-elements-holder-custom-883459\" >\n            <div class=\"eltdf-elements-holder-item-content-inner\">\n                [vc_single_image image=\u00a0\u00bb9073&Prime; img_size=\u00a0\u00bb300&#215;300&Prime; alignment=\u00a0\u00bbcenter\u00a0\u00bb]            <\/div>\n        <\/div>\n    <\/div>\n    <\/div><div class=\"eltdf-elements-holder-item eltdf-width-1-2 eltdf-vertical-alignment-middle eltdf-horizontal-alignment-left eltdf-fade-in\" data-animation=\"eltdf-fade-in\" data-item-class=\"eltdf-elements-holder-custom-864339\" data-1280-1440=\"7%\" data-1024-1280=\"7%\" data-768-1024=\"22% 7%\" data-600-768=\"26% 7%\" data-480-600=\"135px 7%\" data-480=\"135px 7%\" style=\"transition-delay:250ms;-webkit-transition-delay:250ms;background-image: url(https:\/\/www.easyone.mc\/wp-content\/uploads\/2017\/10\/easyone-ghx-custum.png)\">\n        <div class=\"eltdf-elements-holder-item-inner\">\n        <div class=\"eltdf-elements-holder-item-content eltdf-elements-holder-custom-864339\" style=\"padding: 7%\">\n            <div class=\"eltdf-elements-holder-item-content-inner\">\n                [vc_column_text]<\/p>\n<h4 style=\"text-align: center; color: #ffffff;\">Chaque projet a ses exigences sp\u00e9cifiques : en tant qu\u2019experts des solutions multim\u00e9dia, nous connaissons les meilleures pratiques.<\/h4>\n<h4 style=\"text-align: center; color: #ffffff;\">Notre \u00e9quipe vous conseille sur une strat\u00e9gie efficace bas\u00e9e sur vos attentes et vos objectifs.<\/h4>\n<p>[\/vc_column_text]            <\/div>\n        <\/div>\n    <\/div>\n    <\/div><div class=\"eltdf-elements-holder-item eltdf-width-1-4 eltdf-vertical-alignment-middle eltdf-horizontal-alignment-left eltdf-fade-in\" data-animation=\"eltdf-fade-in\" data-item-class=\"eltdf-elements-holder-custom-602021\" data-1280-1440=\"7% 7% 7% 7%\" data-1024-1280=\"7% 7% 7% 7%\" data-768-1024=\"7% 7% 7% 7%\" data-600-768=\"7% 7% 7% 7%\" data-480-600=\"7% 7% 7% 7%\" data-480=\"7% 7% 7% 7%\" style=\"transition-delay:500ms;-webkit-transition-delay:500ms;background-color: #585857\">\n        <div class=\"eltdf-elements-holder-item-inner\">\n        <div class=\"eltdf-elements-holder-item-content eltdf-elements-holder-custom-602021\" style=\"padding: 7% 7% 7% 7%\">\n            <div class=\"eltdf-elements-holder-item-content-inner\">\n                [vc_single_image image=\u00a0\u00bb8203&Prime; img_size=\u00a0\u00bb300&#215;300&Prime; alignment=\u00a0\u00bbcenter\u00a0\u00bb css=\u00a0\u00bb.vc_custom_1507884707855{padding-top: 7% !important;padding-right: 7% !important;padding-bottom: 7% !important;padding-left: 7% !important;}\u00a0\u00bb]            <\/div>\n        <\/div>\n    <\/div>\n    <\/div><\/div>[\/vc_column][\/vc_row][vc_row][vc_column]<div class=\"eltdf-elements-holder eltdf-responsive-mode-1024\" ><div class=\"eltdf-elements-holder-item eltdf-width-3-4 eltdf-vertical-alignment-middle eltdf-horizontal-alignment-left eltdf-fade-in\" data-animation=\"eltdf-fade-in\" data-item-class=\"eltdf-elements-holder-custom-184694\" data-1280-1440=\"3% 7% 3% 7%\" data-1024-1280=\"3% 7% 3% 7%\" data-768-1024=\"3% 7% 3% 7%\" data-600-768=\"3% 7% 3% 7%\" data-480-600=\"3% 7% 3% 7%\" data-480=\"3% 7% 3% 7%\" style=\"transition-delay:500ms;-webkit-transition-delay:500ms\">\n        <div class=\"eltdf-elements-holder-item-inner\">\n        <div class=\"eltdf-elements-holder-item-content eltdf-elements-holder-custom-184694\" style=\"padding: 3% 7% 3% 7%\">\n            <div class=\"eltdf-elements-holder-item-content-inner\">\n                [vc_column_text]<\/p>\n<h2 style=\"text-align: left;\"><span class=\"orange\">POURQUOI CHOISIR <\/span>GH<span class=\"orange\">X ?<\/span><\/h2>\n<p>[\/vc_column_text][vc_empty_space height=\u00a0\u00bb8px\u00a0\u00bb][vc_column_text]<\/p>\n<p style=\"text-align: left;\">Pour \u00eatre s\u00fbr que vous exploitez pleinement l\u2019offre GHX, easyOne collabore \u00e9troitement avec vous pour personnaliser la solution selon vos besoins sp\u00e9cifiques. Les personnalisations GHX peuvent impliquer notamment :<\/p>\n<p style=\"text-align: left;\">La modification de la fonctionnalit\u00e9, gestion des t\u00e2ches, et process du produit pour adapter des besoins professionnels sp\u00e9cifiques<\/p>\n<p style=\"text-align: left;\">La personnalisation visuelle de la solution (couleurs, logos, images, mises en page, comportement de l\u2019\u00e9cran)<\/p>\n<p style=\"text-align: left;\">La prise en charge de l\u2019adaptation visuelle d\u2019applications tierces impliqu\u00e9es dans la solution<\/p>\n<p style=\"text-align: left;\">Le d\u00e9veloppement de fonctionnalit\u00e9s ou produits additionnels<\/p>\n<p style=\"text-align: left;\">L\u2019int\u00e9gration d\u2019un nouveau syst\u00e8me domotique, d\u2019une nouvelle solution PMS&#8230;<\/p>\n<p>[\/vc_column_text][vc_empty_space height=\u00a0\u00bb11px\u00a0\u00bb][vc_empty_space height=\u00a0\u00bb11px\u00a0\u00bb][vc_btn title=\u00a0\u00bbCONTACTEZ-NOUS\u00a0\u00bb style=\u00a0\u00bbflat\u00a0\u00bb shape=\u00a0\u00bbsquare\u00a0\u00bb color=\u00a0\u00bbwarning\u00a0\u00bb size=\u00a0\u00bblg\u00a0\u00bb align=\u00a0\u00bbleft\u00a0\u00bb i_icon_fontawesome=\u00a0\u00bbfar fa-envelope\u00a0\u00bb css_animation=\u00a0\u00bbfadeIn\u00a0\u00bb add_icon=\u00a0\u00bbtrue\u00a0\u00bb link=\u00a0\u00bburl:https%3A%2F%2Fwww.easyone.mc%2Ffr%2Fcontactez-nous%2F\u00a0\u00bb]            <\/div>\n        <\/div>\n    <\/div>\n    <\/div><div class=\"eltdf-elements-holder-item eltdf-width-1-4 eltdf-vertical-alignment-middle eltdf-horizontal-alignment-center eltdf-fade-in\" data-animation=\"eltdf-fade-in\" data-item-class=\"eltdf-elements-holder-custom-604478\" data-1280-1440=\"30% 7% 30% 7%\" data-1024-1280=\"30% 7% 30% 7%\" data-768-1024=\"30% 7% 30% 7%\" data-600-768=\"30% 7% 30% 7%\" data-480-600=\"30% 7% 30% 7%\" data-480=\"50% 7% 50% 7%\" style=\"transition-delay:500ms;-webkit-transition-delay:500ms;background-image: url(https:\/\/www.easyone.mc\/wp-content\/uploads\/2017\/10\/easyone-ghx-custum-1.jpg)\">\n        <div class=\"eltdf-elements-holder-item-inner\">\n        <div class=\"eltdf-elements-holder-item-content eltdf-elements-holder-custom-604478\" style=\"padding: 30% 7% 30% 7%\">\n            <div class=\"eltdf-elements-holder-item-content-inner\">\n                            <\/div>\n        <\/div>\n    <\/div>\n    <\/div><\/div>[\/vc_column][\/vc_row][vc_row][vc_column]<div class=\"eltdf-elements-holder eltdf-responsive-mode-1024\" ><div class=\"eltdf-elements-holder-item eltdf-width-1-4 eltdf-vertical-alignment-top eltdf-horizontal-alignment-right eltdf-fade-in\" data-animation=\"eltdf-fade-in\" data-item-class=\"eltdf-elements-holder-custom-823808\" data-1280-1440=\"7%\" data-1024-1280=\"7%\" data-768-1024=\"7%\" data-600-768=\"7%\" data-480-600=\"7%\" data-480=\"7%\" style=\"transition-delay:0ms;-webkit-transition-delay:0ms;background-color: #ef8018\">\n        <div class=\"eltdf-elements-holder-item-inner\">\n        <div class=\"eltdf-elements-holder-item-content eltdf-elements-holder-custom-823808\" style=\"padding: 7% 7% 7% 7%\">\n            <div class=\"eltdf-elements-holder-item-content-inner\">\n                [vc_single_image image=\u00a0\u00bb8215&Prime; img_size=\u00a0\u00bbfull\u00a0\u00bb alignment=\u00a0\u00bbcenter\u00a0\u00bb css=\u00a0\u00bb.vc_custom_1507886312820{padding-top: 5% !important;padding-right: 5% !important;padding-bottom: 5% !important;padding-left: 5% !important;}\u00a0\u00bb][vc_column_text css=\u00a0\u00bb.vc_custom_1537287642341{padding-bottom: 20px !important;}\u00a0\u00bb]<\/p>\n<h2 class=\"blanc\" style=\"text-align: center;\">PROCESSUS<\/h2>\n<p>[\/vc_column_text]            <\/div>\n        <\/div>\n    <\/div>\n    <\/div><div class=\"eltdf-elements-holder-item eltdf-width-1-4 eltdf-vertical-alignment-middle eltdf-horizontal-alignment-center eltdf-fade-in\" data-animation=\"eltdf-fade-in\" data-item-class=\"eltdf-elements-holder-custom-549511\" data-1280-1440=\"2% 7% 7% 7%\" data-1024-1280=\"2% 7% 7% 7%\" data-768-1024=\"2% 7% 7% 7%\" data-600-768=\"2% 0 7% 0\" data-480-600=\"2% 0 7% 0\" data-480=\"2% 0 7% 0\" style=\"transition-delay:250ms;-webkit-transition-delay:250ms;background-color: #585857\">\n        <div class=\"eltdf-elements-holder-item-inner\">\n        <div class=\"eltdf-elements-holder-item-content eltdf-elements-holder-custom-549511\" style=\"padding: 2% 7% 7% 7%\">\n            <div class=\"eltdf-elements-holder-item-content-inner\">\n                [vc_column_text css=\u00a0\u00bb.vc_custom_1537287693188{padding-bottom: 20px !important;}\u00a0\u00bb]<\/p>\n<h2 class=\"blanc casseNorm\">Champ d\u2019application du projet<\/h2>\n<p>[\/vc_column_text][vc_single_image image=\u00a0\u00bb8216&Prime; img_size=\u00a0\u00bbfull\u00a0\u00bb alignment=\u00a0\u00bbcenter\u00a0\u00bb css=\u00a0\u00bb.vc_custom_1507886002918{padding-top: 7% !important;padding-right: 7% !important;padding-bottom: 7% !important;padding-left: 7% !important;}\u00a0\u00bb]            <\/div>\n        <\/div>\n    <\/div>\n    <\/div><div class=\"eltdf-elements-holder-item eltdf-width-1-4 eltdf-vertical-alignment-middle eltdf-horizontal-alignment-center eltdf-fade-in\" data-animation=\"eltdf-fade-in\" data-item-class=\"eltdf-elements-holder-custom-693751\" data-1280-1440=\"2% 7% 7% 7%\" data-1024-1280=\"2% 7% 7% 7%\" data-768-1024=\"2% 7% 7% 7%\" data-600-768=\"2% 0 7% 0\" data-480-600=\"2% 0 7% 0\" data-480=\"2% 0 7% 0\" style=\"transition-delay:250ms;-webkit-transition-delay:250ms;background-color: #585857\">\n        <div class=\"eltdf-elements-holder-item-inner\">\n        <div class=\"eltdf-elements-holder-item-content eltdf-elements-holder-custom-693751\" style=\"padding: 2% 7% 7% 7%\">\n            <div class=\"eltdf-elements-holder-item-content-inner\">\n                [vc_column_text css=\u00a0\u00bb.vc_custom_1537287708157{padding-bottom: 20px !important;}\u00a0\u00bb]<\/p>\n<h2 class=\"blanc casseNorm\">D\u00e9veloppement<\/h2>\n<p>[\/vc_column_text][vc_single_image image=\u00a0\u00bb8217&Prime; img_size=\u00a0\u00bbfull\u00a0\u00bb alignment=\u00a0\u00bbcenter\u00a0\u00bb css=\u00a0\u00bb.vc_custom_1507886011861{padding-top: 7% !important;padding-right: 7% !important;padding-bottom: 7% !important;padding-left: 7% !important;}\u00a0\u00bb]            <\/div>\n        <\/div>\n    <\/div>\n    <\/div><div class=\"eltdf-elements-holder-item eltdf-width-1-4 eltdf-vertical-alignment-middle eltdf-horizontal-alignment-center eltdf-fade-in\" data-animation=\"eltdf-fade-in\" data-item-class=\"eltdf-elements-holder-custom-394011\" data-1280-1440=\"2% 7% 7% 7%\" data-1024-1280=\"2% 7% 7% 7%\" data-768-1024=\"2% 7% 7% 7%\" data-600-768=\"2% 0 7% 0\" data-480-600=\"2% 0 7% 0\" data-480=\"2% 0 7% 0\" style=\"transition-delay:250ms;-webkit-transition-delay:250ms;background-color: #585857\">\n        <div class=\"eltdf-elements-holder-item-inner\">\n        <div class=\"eltdf-elements-holder-item-content eltdf-elements-holder-custom-394011\" style=\"padding: 2% 7% 7% 7%\">\n            <div class=\"eltdf-elements-holder-item-content-inner\">\n                [vc_column_text css=\u00a0\u00bb.vc_custom_1537287721980{padding-bottom: 20px !important;}\u00a0\u00bb]<\/p>\n<h2 class=\"blanc casseNorm\">Int\u00e9gration<\/h2>\n<p>[\/vc_column_text][vc_single_image image=\u00a0\u00bb8548&Prime; img_size=\u00a0\u00bbfull\u00a0\u00bb alignment=\u00a0\u00bbcenter\u00a0\u00bb css=\u00a0\u00bb.vc_custom_1508228529994{padding-top: 7% !important;padding-right: 7% !important;padding-bottom: 7% !important;padding-left: 7% !important;}\u00a0\u00bb]            <\/div>\n        <\/div>\n    <\/div>\n    <\/div><\/div>[\/vc_column][\/vc_row][vc_row][vc_column]<div class=\"eltdf-elements-holder eltdf-responsive-mode-1024\" ><div class=\"eltdf-elements-holder-item eltdf-width-3-4 eltdf-vertical-alignment-top eltdf-horizontal-alignment-left eltdf-fade-in\" data-animation=\"eltdf-fade-in\" data-item-class=\"eltdf-elements-holder-custom-695300\" data-1280-1440=\"3% 7% 3% 7%\" data-1024-1280=\"3% 7% 3% 7%\" data-768-1024=\"3% 7% 3% 7%\" data-600-768=\"3% 7% 3% 7%\" data-480-600=\"3% 7% 3% 7%\" data-480=\"3% 7% 3% 7%\" style=\"transition-delay:0ms;-webkit-transition-delay:0ms;background-image: url(https:\/\/www.easyone.mc\/wp-content\/uploads\/2017\/10\/easyone-ghx-custom-2.jpg)\">\n        <div class=\"eltdf-elements-holder-item-inner\">\n        <div class=\"eltdf-elements-holder-item-content eltdf-elements-holder-custom-695300\" style=\"padding: 3% 7% 3% 7%\">\n            <div class=\"eltdf-elements-holder-item-content-inner\">\n                [vc_column_text css=\u00a0\u00bb.vc_custom_1537288124897{padding-right: 7% !important;}\u00a0\u00bb]<\/p>\n<h2 style=\"text-transform: lowercase; text-align: right;\"><span class=\"blanc\">\u00ab L\u2019innovation est dans l\u2019ADN d\u2019easyOne<\/span><\/h2>\n<p style=\"text-align: right; color: #ffffff;\">Nous sommes un groupe d\u2019experts et d\u2019ing\u00e9nieurs qui con\u00e7oivent des solutions multim\u00e9dia interactives depuis une dizaine d\u2019ann\u00e9es.<\/p>\n<p style=\"text-align: right; color: #ffffff;\">Nous connaissons les tenants et aboutissants de ce secteur et nous sommes impatients de travailler avec vous.<\/p>\n<p>[\/vc_column_text]            <\/div>\n        <\/div>\n    <\/div>\n    <\/div><div class=\"eltdf-elements-holder-item eltdf-width-1-4 eltdf-vertical-alignment-middle eltdf-horizontal-alignment-left eltdf-fade-in\" data-animation=\"eltdf-fade-in\" data-item-class=\"eltdf-elements-holder-custom-397320\" data-1280-1440=\"7%\" data-1024-1280=\"7%\" data-768-1024=\"7%\" data-600-768=\"7%\" data-480-600=\"7%\" data-480=\"7%\" style=\"transition-delay:250ms;-webkit-transition-delay:250ms;background-color: #ef8018\">\n        <div class=\"eltdf-elements-holder-item-inner\">\n        <div class=\"eltdf-elements-holder-item-content eltdf-elements-holder-custom-397320\" style=\"padding: 7%\">\n            <div class=\"eltdf-elements-holder-item-content-inner\">\n                [vc_single_image image=\u00a0\u00bb8229&Prime; img_size=\u00a0\u00bbfull\u00a0\u00bb alignment=\u00a0\u00bbcenter\u00a0\u00bb css=\u00a0\u00bb.vc_custom_1507887137445{padding-top: 7% !important;padding-right: 7% !important;padding-bottom: 7% !important;padding-left: 7% !important;}\u00a0\u00bb][vc_column_text css=\u00a0\u00bb.vc_custom_1507887253620{padding-bottom: 20px !important;}\u00a0\u00bb]<\/p>\n<h2 class=\"blanc\" style=\"text-align: center;\">INNOVATION<\/h2>\n<p>[\/vc_column_text]            <\/div>\n        <\/div>\n    <\/div>\n    <\/div><\/div>[\/vc_column][\/vc_row][vc_row row_content_width=\u00a0\u00bbgrid\u00a0\u00bb css=\u00a0\u00bb.vc_custom_1524040343484{margin-top: 30px !important;}\u00a0\u00bb][vc_column][vc_btn title=\u00a0\u00bbCONTACTEZ-NOUS\u00a0\u00bb style=\u00a0\u00bbflat\u00a0\u00bb shape=\u00a0\u00bbsquare\u00a0\u00bb color=\u00a0\u00bbwarning\u00a0\u00bb size=\u00a0\u00bblg\u00a0\u00bb align=\u00a0\u00bbcenter\u00a0\u00bb i_icon_fontawesome=\u00a0\u00bbfar fa-envelope\u00a0\u00bb button_block=\u00a0\u00bbtrue\u00a0\u00bb add_icon=\u00a0\u00bbtrue\u00a0\u00bb link=\u00a0\u00bburl:https%3A%2F%2Fwww.easyone.mc%2Ffr%2Fcontactez-nous%2F\u00a0\u00bb][\/vc_column][\/vc_row]<\/p>\n<\/section>","protected":false},"excerpt":{"rendered":"<p>[vc_row][vc_column][\/vc_column][\/vc_row][vc_row][vc_column][\/vc_column][\/vc_row][vc_row][vc_column][\/vc_column][\/vc_row][vc_row][vc_column][\/vc_column][\/vc_row][vc_row row_content_width=\u00a0\u00bbgrid\u00a0\u00bb css=\u00a0\u00bb.vc_custom_1524040343484{margin-top: 30px !important;}\u00a0\u00bb][vc_column][vc_btn title=\u00a0\u00bbCONTACTEZ-NOUS\u00a0\u00bb style=\u00a0\u00bbflat\u00a0\u00bb shape=\u00a0\u00bbsquare\u00a0\u00bb color=\u00a0\u00bbwarning\u00a0\u00bb size=\u00a0\u00bblg\u00a0\u00bb align=\u00a0\u00bbcenter\u00a0\u00bb i_icon_fontawesome=\u00a0\u00bbfar fa-envelope\u00a0\u00bb button_block=\u00a0\u00bbtrue\u00a0\u00bb add_icon=\u00a0\u00bbtrue\u00a0\u00bb link=\u00a0\u00bburl:https%3A%2F%2Fwww.easyone.mc%2Ffr%2Fcontactez-nous%2F\u00a0\u00bb][\/vc_column][\/vc_row]<\/p>\n","protected":false},"author":1,"featured_media":0,"parent":0,"menu_order":0,"comment_status":"closed","ping_status":"closed","template":"full-width.php","meta":{"om_disable_all_campaigns":false,"_monsterinsights_skip_tracking":false,"_monsterinsights_sitenote_active":false,"_monsterinsights_sitenote_note":"","_monsterinsights_sitenote_category":0,"_uf_show_specific_survey":0,"_uf_disable_surveys":false,"footnotes":""},"aioseo_notices":[],"_links":{"self":[{"href":"https:\/\/www.easyone.mc\/fr\/wp-json\/wp\/v2\/pages\/9144\/"}],"collection":[{"href":"https:\/\/www.easyone.mc\/fr\/wp-json\/wp\/v2\/pages\/"}],"about":[{"href":"https:\/\/www.easyone.mc\/fr\/wp-json\/wp\/v2\/types\/page\/"}],"author":[{"embeddable":true,"href":"https:\/\/www.easyone.mc\/fr\/wp-json\/wp\/v2\/users\/1\/"}],"replies":[{"embeddable":true,"href":"https:\/\/www.easyone.mc\/fr\/wp-json\/wp\/v2\/comments\/?post=9144"}],"version-history":[{"count":0,"href":"https:\/\/www.easyone.mc\/fr\/wp-json\/wp\/v2\/pages\/9144\/revisions\/"}],"wp:attachment":[{"href":"https:\/\/www.easyone.mc\/fr\/wp-json\/wp\/v2\/media\/?parent=9144"}],"curies":[{"name":"wp","href":"https:\/\/api.w.org\/{rel}","templated":true}]}}