{"id":9166,"date":"2018-02-22T10:12:17","date_gmt":"2018-02-22T09:12:17","guid":{"rendered":"https:\/\/easyoneweb.monacodigitalpower.com\/easyone-partnership\/"},"modified":"2023-08-30T14:45:08","modified_gmt":"2023-08-30T12:45:08","slug":"partenaires-easyone","status":"publish","type":"page","link":"https:\/\/www.easyone.mc\/fr\/partenaires-easyone\/","title":{"rendered":"PARTENAIRES EasyOne"},"content":{"rendered":"<section class=\"wpb-content-wrapper\"><p>[vc_row row_content_width=\u00a0\u00bbgrid\u00a0\u00bb css=\u00a0\u00bb.vc_custom_1519292993951{margin-top: 60px !important;}\u00a0\u00bb][vc_column][vc_column_text]<\/p>\n<h2 style=\"text-align: center;\">Notre programme de partenariat est con\u00e7u pour am\u00e9liorer la rentabilit\u00e9 et augmenter les opportunit\u00e9s de revenus.<\/h2>\n<h3 style=\"text-align: center;\">Le programme de partenariat est compos\u00e9 de deux options distinctes :<\/h3>\n<p>[\/vc_column_text][vc_row_inner row_content_width=\u00a0\u00bbgrid\u00a0\u00bb css=\u00a0\u00bb.vc_custom_1525869185782{margin-top: 30px !important;}\u00a0\u00bb el_class=\u00a0\u00bbTXT\u00a0\u00bb][vc_column_inner width=\u00a0\u00bb1\/2&Prime;]<div class=\"eltdf-iwt clearfix eltdf-iwt-icon-top eltdf-iwt-icon-medium\">\n    <div class=\"eltdf-iwt-icon\">\n                                    <img loading=\"lazy\" decoding=\"async\" width=\"249\" height=\"249\" src=\"https:\/\/www.easyone.mc\/wp-content\/uploads\/2018\/05\/Fichier-3_GHX_Partner_Icon_GHX-DS.png\" class=\"attachment-full size-full\" alt=\"\" srcset=\"https:\/\/www.easyone.mc\/wp-content\/uploads\/2018\/05\/Fichier-3_GHX_Partner_Icon_GHX-DS.png 249w, https:\/\/www.easyone.mc\/wp-content\/uploads\/2018\/05\/Fichier-3_GHX_Partner_Icon_GHX-DS-150x150.png 150w\" sizes=\"(max-width: 249px) 100vw, 249px\" \/>                        <\/div>\n    <div class=\"eltdf-iwt-content\" style=\"padding-top: 21px\">\n\t    \t\t            <p class=\"eltdf-iwt-text\" style=\"margin-top: 7px\">L\u2019offre d\u2019Affichage Dynamique simple<\/p>\n\t\t    <\/div>\n<\/div>[vc_empty_space height=\u00a0\u00bb60px\u00a0\u00bb][\/vc_column_inner][vc_column_inner width=\u00a0\u00bb1\/2&Prime;]<div class=\"eltdf-iwt clearfix eltdf-iwt-icon-top eltdf-iwt-icon-medium\">\n    <div class=\"eltdf-iwt-icon\">\n                                    <img loading=\"lazy\" decoding=\"async\" width=\"249\" height=\"249\" src=\"https:\/\/www.easyone.mc\/wp-content\/uploads\/2018\/05\/Fichier-4_GHX_Partner_Icon_GHX.png\" class=\"attachment-full size-full\" alt=\"\" srcset=\"https:\/\/www.easyone.mc\/wp-content\/uploads\/2018\/05\/Fichier-4_GHX_Partner_Icon_GHX.png 249w, https:\/\/www.easyone.mc\/wp-content\/uploads\/2018\/05\/Fichier-4_GHX_Partner_Icon_GHX-150x150.png 150w\" sizes=\"(max-width: 249px) 100vw, 249px\" \/>                        <\/div>\n    <div class=\"eltdf-iwt-content\" style=\"padding-top: 21px\">\n\t    \t\t            <p class=\"eltdf-iwt-text\" style=\"margin-top: 7px\">La solution de multim\u00e9dia IPTV et domotique con\u00e7ue pour l\u2019hospitalit\u00e9 et la sant\u00e9<\/p>\n\t\t    <\/div>\n<\/div>[vc_empty_space height=\u00a0\u00bb60px\u00a0\u00bb][\/vc_column_inner][\/vc_row_inner][\/vc_column][\/vc_row][vc_row content_text_aligment=\u00a0\u00bbcenter\u00a0\u00bb css=\u00a0\u00bb.vc_custom_1519305963674{padding-top: 25px !important;padding-bottom: 75px !important;background-color: #4467c0 !important;}\u00a0\u00bb][vc_column offset=\u00a0\u00bbvc_col-md-12&Prime; el_class=\u00a0\u00bbblocBlack\u00a0\u00bb][vc_row_inner row_content_width=\u00a0\u00bbgrid\u00a0\u00bb content_text_aligment=\u00a0\u00bbcenter\u00a0\u00bb][vc_column_inner offset=\u00a0\u00bbvc_col-lg-offset-3 vc_col-lg-6 vc_col-md-offset-1 vc_col-md-10&Prime;][vc_single_image image=\u00a0\u00bb9055&Prime; img_size=\u00a0\u00bb\u00a0\u00bb alignment=\u00a0\u00bbcenter\u00a0\u00bb][vc_empty_space height=\u00a0\u00bb2px\u00a0\u00bb][vc_column_text]<\/p>\n<h2><span style=\"color: #ffffff;\"><span style=\"font-weight: 200;\">En tant que distributeur partenaire engag\u00e9 <\/span><\/span><\/h2>\n<p>[\/vc_column_text][vc_empty_space height=\u00a0\u00bb6px\u00a0\u00bb][vc_column_text]<\/p>\n<h5><span style=\"color: #fefefe;\">easyOne comprend les d\u00e9fis de votre activit\u00e9 et vous fournira un service et un support in\u00e9gal\u00e9<\/span><\/h5>\n<p>[\/vc_column_text][\/vc_column_inner][\/vc_row_inner][\/vc_column][\/vc_row][vc_row css=\u00a0\u00bb.vc_custom_1519304116473{padding-top: 50px !important;padding-bottom: 60px !important;}\u00a0\u00bb][vc_column][vc_row_inner content_text_aligment=\u00a0\u00bbcenter\u00a0\u00bb css=\u00a0\u00bb.vc_custom_1519303770119{padding-bottom: 100px !important;background-color: #ffffff !important;}\u00a0\u00bb][vc_column_inner el_class=\u00a0\u00bb5Blocks\u00a0\u00bb css=\u00a0\u00bb.vc_custom_1519303320474{padding-right: 50px !important;padding-left: 50px !important;}\u00a0\u00bb]<div class=\"eltdf-elements-holder eltdf-responsive-mode-768\" ><div class=\"eltdf-elements-holder-item eltdf-width-1-5 eltdf-vertical-alignment-top eltdf-horizontal-alignment-left\" data-item-class=\"eltdf-elements-holder-custom-571498\" >\n        <div class=\"eltdf-elements-holder-item-inner\">\n        <div class=\"eltdf-elements-holder-item-content eltdf-elements-holder-custom-571498\" style=\"padding: 0px 30px 0px 30px\">\n            <div class=\"eltdf-elements-holder-item-content-inner\">\n                <div class=\"eltdf-iwt clearfix eltdf-iwt-icon-top eltdf-iwt-icon-small\">\n    <div class=\"eltdf-iwt-icon\">\n                                    <img loading=\"lazy\" decoding=\"async\" width=\"101\" height=\"106\" src=\"https:\/\/www.easyone.mc\/wp-content\/uploads\/2018\/05\/Guidance-1.png\" class=\"attachment-full size-full\" alt=\"\" \/>                        <\/div>\n    <div class=\"eltdf-iwt-content\" >\n\t    \t        <h4 class=\"eltdf-iwt-title\" >\n\t\t\t    \t               Conseils\t\t\t                <\/h4>\n\t    \t\t            <p class=\"eltdf-iwt-text\" >\u00c0 chaque \u00e9tape du processus, nous fournissons un support jusqu\u2019\u00e0 la solution compl\u00e8te, du d\u00e9but \u00e0 la fin.<\/p>\n\t\t    <\/div>\n<\/div>[vc_empty_space height=\u00a0\u00bb8px\u00a0\u00bb]<div class=\"eltdf-separator-holder clearfix  eltdf-separator-center eltdf-separator-normal\">\n\t<div class=\"eltdf-separator\" style=\"border-color: #dfb947;width: 80px;border-bottom-width: 2px\"><\/div>\n<\/div>\n            <\/div>\n        <\/div>\n    <\/div>\n    <\/div><div class=\"eltdf-elements-holder-item eltdf-width-1-5 eltdf-vertical-alignment-top eltdf-horizontal-alignment-left\" data-item-class=\"eltdf-elements-holder-custom-238449\" >\n        <div class=\"eltdf-elements-holder-item-inner\">\n        <div class=\"eltdf-elements-holder-item-content eltdf-elements-holder-custom-238449\" style=\"padding: 0px 30px 0px 30px\">\n            <div class=\"eltdf-elements-holder-item-content-inner\">\n                <div class=\"eltdf-iwt clearfix eltdf-iwt-icon-top eltdf-iwt-icon-medium\">\n    <div class=\"eltdf-iwt-icon\">\n                                    <img loading=\"lazy\" decoding=\"async\" width=\"104\" height=\"106\" src=\"https:\/\/www.easyone.mc\/wp-content\/uploads\/2018\/05\/Flexible-options-1.png\" class=\"attachment-full size-full\" alt=\"\" \/>                        <\/div>\n    <div class=\"eltdf-iwt-content\" >\n\t    \t        <h4 class=\"eltdf-iwt-title\" >\n\t\t\t    \t               Options flexibles\t\t\t                <\/h4>\n\t    \t\t            <p class=\"eltdf-iwt-text\" >Nos solutions logicielles et les playeurs peuvent s\u2019adapter aux exigences du client.<\/p>\n\t\t    <\/div>\n<\/div>[vc_empty_space height=\u00a0\u00bb8px\u00a0\u00bb]<div class=\"eltdf-separator-holder clearfix  eltdf-separator-center eltdf-separator-normal\">\n\t<div class=\"eltdf-separator\" style=\"border-color: #dfb947;width: 80px;border-bottom-width: 2px\"><\/div>\n<\/div>\n            <\/div>\n        <\/div>\n    <\/div>\n    <\/div><div class=\"eltdf-elements-holder-item eltdf-width-1-5 eltdf-vertical-alignment-top eltdf-horizontal-alignment-left\" data-item-class=\"eltdf-elements-holder-custom-218664\" >\n        <div class=\"eltdf-elements-holder-item-inner\">\n        <div class=\"eltdf-elements-holder-item-content eltdf-elements-holder-custom-218664\" style=\"padding: 0px 30px 0px 30px\">\n            <div class=\"eltdf-elements-holder-item-content-inner\">\n                <div class=\"eltdf-iwt clearfix eltdf-iwt-icon-top eltdf-iwt-icon-medium\">\n    <div class=\"eltdf-iwt-icon\">\n                                    <img loading=\"lazy\" decoding=\"async\" width=\"151\" height=\"106\" src=\"https:\/\/www.easyone.mc\/wp-content\/uploads\/2018\/05\/Easy-customization-2.png\" class=\"attachment-full size-full\" alt=\"\" srcset=\"https:\/\/www.easyone.mc\/wp-content\/uploads\/2018\/05\/Easy-customization-2.png 151w, https:\/\/www.easyone.mc\/wp-content\/uploads\/2018\/05\/Easy-customization-2-150x106.png 150w\" sizes=\"(max-width: 151px) 100vw, 151px\" \/>                        <\/div>\n    <div class=\"eltdf-iwt-content\" >\n\t    \t        <h4 class=\"eltdf-iwt-title\" >\n\t\t\t    \t               Personnalisation simple\t\t\t                <\/h4>\n\t    \t\t            <p class=\"eltdf-iwt-text\" >Nous savons qu\u2019une solution unique n\u2019est pas adaptable \u00e0 toutes les situations. Vos clients re\u00e7oivent une solution personnalis\u00e9e qui correspond parfaitement \u00e0 leurs besoins pr\u00e9cis.<\/p>\n\t\t    <\/div>\n<\/div>[vc_empty_space height=\u00a0\u00bb8px\u00a0\u00bb]<div class=\"eltdf-separator-holder clearfix  eltdf-separator-center eltdf-separator-normal\">\n\t<div class=\"eltdf-separator\" style=\"border-color: #dfb947;width: 80px;border-bottom-width: 2px\"><\/div>\n<\/div>\n            <\/div>\n        <\/div>\n    <\/div>\n    <\/div><div class=\"eltdf-elements-holder-item eltdf-width-1-5 eltdf-vertical-alignment-top eltdf-horizontal-alignment-left\" data-item-class=\"eltdf-elements-holder-custom-725013\" >\n        <div class=\"eltdf-elements-holder-item-inner\">\n        <div class=\"eltdf-elements-holder-item-content eltdf-elements-holder-custom-725013\" style=\"padding: 0px 30px 0px 30px\">\n            <div class=\"eltdf-elements-holder-item-content-inner\">\n                <div class=\"eltdf-iwt clearfix eltdf-iwt-icon-top eltdf-iwt-icon-medium\">\n    <div class=\"eltdf-iwt-icon\">\n                                    <img loading=\"lazy\" decoding=\"async\" width=\"92\" height=\"106\" src=\"https:\/\/www.easyone.mc\/wp-content\/uploads\/2018\/05\/Excellent-post-sales-support-1.png\" class=\"attachment-full size-full\" alt=\"\" \/>                        <\/div>\n    <div class=\"eltdf-iwt-content\" >\n\t    \t        <h4 class=\"eltdf-iwt-title\" >\n\t\t\t    \t               Support pr\u00e9ventif\t\t\t                <\/h4>\n\t    \t\t            <p class=\"eltdf-iwt-text\" >Notre support et nos \u00e9quipes de service garantissent une satisfaction client\u00e8le in\u00e9gal\u00e9e. Nous offrons les meilleures garanties dans notre secteur.<\/p>\n\t\t    <\/div>\n<\/div>[vc_empty_space height=\u00a0\u00bb8px\u00a0\u00bb]<div class=\"eltdf-separator-holder clearfix  eltdf-separator-center eltdf-separator-normal\">\n\t<div class=\"eltdf-separator\" style=\"border-color: #dfb947;width: 80px;border-bottom-width: 2px\"><\/div>\n<\/div>\n            <\/div>\n        <\/div>\n    <\/div>\n    <\/div><div class=\"eltdf-elements-holder-item eltdf-width-1-5 eltdf-vertical-alignment-top eltdf-horizontal-alignment-left\" data-item-class=\"eltdf-elements-holder-custom-162804\" >\n        <div class=\"eltdf-elements-holder-item-inner\">\n        <div class=\"eltdf-elements-holder-item-content eltdf-elements-holder-custom-162804\" style=\"padding: 0px 30px 0px 30px\">\n            <div class=\"eltdf-elements-holder-item-content-inner\">\n                <div class=\"eltdf-iwt clearfix eltdf-iwt-icon-top eltdf-iwt-icon-medium\">\n    <div class=\"eltdf-iwt-icon\">\n                                    <img loading=\"lazy\" decoding=\"async\" width=\"107\" height=\"107\" src=\"https:\/\/www.easyone.mc\/wp-content\/uploads\/2018\/05\/A-trusted-partnership-1.png\" class=\"attachment-full size-full\" alt=\"\" \/>                        <\/div>\n    <div class=\"eltdf-iwt-content\" >\n\t    \t        <h4 class=\"eltdf-iwt-title\" >\n\t\t\t    \t               Un partenaire fiable\t\t\t                <\/h4>\n\t    \t\t            <p class=\"eltdf-iwt-text\" >easyOne est un groupe de professionnels avec lequel il est facile de travailler en partenariat.<\/p>\n\t\t    <\/div>\n<\/div>[vc_empty_space height=\u00a0\u00bb8px\u00a0\u00bb]<div class=\"eltdf-separator-holder clearfix  eltdf-separator-center eltdf-separator-normal\">\n\t<div class=\"eltdf-separator\" style=\"border-color: #dfb947;width: 80px;border-bottom-width: 2px\"><\/div>\n<\/div>\n            <\/div>\n        <\/div>\n    <\/div>\n    <\/div><\/div>[\/vc_column_inner][\/vc_row_inner][\/vc_column][\/vc_row][vc_row css=\u00a0\u00bb.vc_custom_1519304079337{padding-bottom: 100px !important;background-color: #f2f2f2 !important;}\u00a0\u00bb][vc_column][vc_row_inner row_content_width=\u00a0\u00bbgrid\u00a0\u00bb][vc_column_inner]<div class=\"eltdf-elements-holder eltdf-responsive-mode-768\" ><div class=\"eltdf-elements-holder-item eltdf-width-1-2 eltdf-vertical-alignment-middle eltdf-horizontal-alignment-left\" data-item-class=\"eltdf-elements-holder-custom-541601\" >\n        <div class=\"eltdf-elements-holder-item-inner\">\n        <div class=\"eltdf-elements-holder-item-content eltdf-elements-holder-custom-541601\" >\n            <div class=\"eltdf-elements-holder-item-content-inner\">\n                [vc_column_text]<\/p>\n<h3>FORMATION\/MENTORAT &amp; CERTIFICATIONS<\/h3>\n<p>[\/vc_column_text][vc_empty_space height=\u00a0\u00bb2px\u00a0\u00bb][vc_column_text]easyOne offre aux professionnels de l\u2019industrie des fili\u00e8res de formation en marketing\/ventes et techniques vers la certification qui sont disponibles \u00e0 distance ou sur site \u00e0 easyOne Monaco.[\/vc_column_text][vc_empty_space]<a itemprop=\"url\" href=\"https:\/\/www.easyone.mc\/fr\/contactez-nous\/\" target=\"_self\"  class=\"eltdf-btn eltdf-btn-medium eltdf-btn-solid\"  >\n    <span class=\"eltdf-btn-text\">Contactez-nous<\/span>\n    <\/a>            <\/div>\n        <\/div>\n    <\/div>\n    <\/div><div class=\"eltdf-elements-holder-item eltdf-width-1-2 eltdf-vertical-alignment-middle eltdf-horizontal-alignment-left\" data-item-class=\"eltdf-elements-holder-custom-475472\" >\n        <div class=\"eltdf-elements-holder-item-inner\">\n        <div class=\"eltdf-elements-holder-item-content eltdf-elements-holder-custom-475472\" >\n            <div class=\"eltdf-elements-holder-item-content-inner\">\n                [vc_single_image image=\u00a0\u00bb8679&Prime; img_size=\u00a0\u00bbfull\u00a0\u00bb alignment=\u00a0\u00bbright\u00a0\u00bb css=\u00a0\u00bb.vc_custom_1519304023733{margin-top: -100px !important;}\u00a0\u00bb][vc_empty_space height=\u00a0\u00bb3px\u00a0\u00bb]            <\/div>\n        <\/div>\n    <\/div>\n    <\/div><\/div>[\/vc_column_inner][\/vc_row_inner][\/vc_column][\/vc_row][vc_row css=\u00a0\u00bb.vc_custom_1519305896631{margin-top: 65px !important;margin-bottom: 100px !important;}\u00a0\u00bb][vc_column css=\u00a0\u00bb.vc_custom_1519305188914{padding-right: 5px !important;padding-left: 5px !important;}\u00a0\u00bb][vc_row_inner row_content_width=\u00a0\u00bbgrid\u00a0\u00bb el_id=\u00a0\u00bbblacko\u00a0\u00bb][vc_column_inner width=\u00a0\u00bb1\/3&Prime; css=\u00a0\u00bb.vc_custom_1519305976360{background-color: #4467c0 !important;}\u00a0\u00bb]<div class=\"eltdf-iwt clearfix eltdf-iwt-icon-top eltdf-iwt-icon-small\">\n    <div class=\"eltdf-iwt-icon\">\n                                    <img loading=\"lazy\" decoding=\"async\" width=\"159\" height=\"97\" src=\"https:\/\/www.easyone.mc\/wp-content\/uploads\/2018\/05\/Partnership-1.png\" class=\"attachment-full size-full\" alt=\"\" \/>                        <\/div>\n    <div class=\"eltdf-iwt-content\" style=\"padding-top: 21px\">\n\t    \t        <h4 class=\"eltdf-iwt-title\" style=\"color: #ffffff\">\n\t\t\t    \t               Partenariat\t\t\t                <\/h4>\n\t    \t\t            <p class=\"eltdf-iwt-text\" style=\"color: #ffffff;margin-top: 7px\">Mod\u00e8les \u00e0 adapter \u00e0 vos objectifs professionnels<\/p>\n\t\t    <\/div>\n<\/div>[vc_empty_space height=\u00a0\u00bb60px\u00a0\u00bb][\/vc_column_inner][vc_column_inner width=\u00a0\u00bb1\/3&Prime; css=\u00a0\u00bb.vc_custom_1519305989284{background-color: #4467c0 !important;}\u00a0\u00bb]<div class=\"eltdf-iwt clearfix eltdf-iwt-icon-top eltdf-iwt-icon-tiny\">\n    <div class=\"eltdf-iwt-icon\">\n                                    <img loading=\"lazy\" decoding=\"async\" width=\"95\" height=\"97\" src=\"https:\/\/www.easyone.mc\/wp-content\/uploads\/2018\/05\/Recurring.png\" class=\"attachment-full size-full\" alt=\"\" \/>                        <\/div>\n    <div class=\"eltdf-iwt-content\" style=\"padding-top: 21px\">\n\t    \t        <h4 class=\"eltdf-iwt-title\" style=\"color: #ffffff\">\n\t\t\t    \t               R\u00e9current\t\t\t                <\/h4>\n\t    \t\t            <p class=\"eltdf-iwt-text\" style=\"color: #ffffff;margin-top: 7px\">Flux de rentr\u00e9es pour votre activit\u00e9<\/p>\n\t\t    <\/div>\n<\/div>[vc_empty_space height=\u00a0\u00bb60px\u00a0\u00bb][\/vc_column_inner][vc_column_inner width=\u00a0\u00bb1\/3&Prime; css=\u00a0\u00bb.vc_custom_1519305998352{background-color: #4467c0 !important;}\u00a0\u00bb]<div class=\"eltdf-iwt clearfix eltdf-iwt-icon-top eltdf-iwt-icon-tiny\">\n    <div class=\"eltdf-iwt-icon\">\n                                    <img loading=\"lazy\" decoding=\"async\" width=\"109\" height=\"97\" src=\"https:\/\/www.easyone.mc\/wp-content\/uploads\/2018\/05\/help.png\" class=\"attachment-full size-full\" alt=\"\" \/>                        <\/div>\n    <div class=\"eltdf-iwt-content\" style=\"padding-top: 21px\">\n\t    \t        <h4 class=\"eltdf-iwt-title\" style=\"color: #ffffff\">\n\t\t\t    \t               Aide\t\t\t                <\/h4>\n\t    \t\t            <p class=\"eltdf-iwt-text\" style=\"color: #ffffff;margin-top: 7px\">Vos clients avec une plateforme innovante et facile d\u2019utilisation<\/p>\n\t\t    <\/div>\n<\/div>[vc_empty_space height=\u00a0\u00bb60px\u00a0\u00bb][\/vc_column_inner][\/vc_row_inner][\/vc_column][\/vc_row]<\/p>\n<\/section>","protected":false},"excerpt":{"rendered":"<p>[vc_row row_content_width=\u00a0\u00bbgrid\u00a0\u00bb css=\u00a0\u00bb.vc_custom_1519292993951{margin-top: 60px !important;}\u00a0\u00bb][vc_column][vc_column_text] Notre programme de partenariat est con\u00e7u pour am\u00e9liorer la rentabilit\u00e9 et augmenter les opportunit\u00e9s de revenus. Le programme de partenariat est compos\u00e9 de deux options distinctes : [\/vc_column_text][vc_row_inner row_content_width=\u00a0\u00bbgrid\u00a0\u00bb css=\u00a0\u00bb.vc_custom_1525869185782{margin-top: 30px !important;}\u00a0\u00bb el_class=\u00a0\u00bbTXT\u00a0\u00bb][vc_column_inner width=\u00a0\u00bb1\/2&Prime;][vc_empty_space height=\u00a0\u00bb60px\u00a0\u00bb][\/vc_column_inner][vc_column_inner width=\u00a0\u00bb1\/2&Prime;][vc_empty_space height=\u00a0\u00bb60px\u00a0\u00bb][\/vc_column_inner][\/vc_row_inner][\/vc_column][\/vc_row][vc_row content_text_aligment=\u00a0\u00bbcenter\u00a0\u00bb css=\u00a0\u00bb.vc_custom_1519305963674{padding-top: 25px [&hellip;]<\/p>\n","protected":false},"author":1,"featured_media":0,"parent":0,"menu_order":0,"comment_status":"closed","ping_status":"closed","template":"full-width.php","meta":{"om_disable_all_campaigns":false,"_monsterinsights_skip_tracking":false,"_monsterinsights_sitenote_active":false,"_monsterinsights_sitenote_note":"","_monsterinsights_sitenote_category":0,"_uf_show_specific_survey":0,"_uf_disable_surveys":false,"footnotes":""},"aioseo_notices":[],"_links":{"self":[{"href":"https:\/\/www.easyone.mc\/fr\/wp-json\/wp\/v2\/pages\/9166\/"}],"collection":[{"href":"https:\/\/www.easyone.mc\/fr\/wp-json\/wp\/v2\/pages\/"}],"about":[{"href":"https:\/\/www.easyone.mc\/fr\/wp-json\/wp\/v2\/types\/page\/"}],"author":[{"embeddable":true,"href":"https:\/\/www.easyone.mc\/fr\/wp-json\/wp\/v2\/users\/1\/"}],"replies":[{"embeddable":true,"href":"https:\/\/www.easyone.mc\/fr\/wp-json\/wp\/v2\/comments\/?post=9166"}],"version-history":[{"count":0,"href":"https:\/\/www.easyone.mc\/fr\/wp-json\/wp\/v2\/pages\/9166\/revisions\/"}],"wp:attachment":[{"href":"https:\/\/www.easyone.mc\/fr\/wp-json\/wp\/v2\/media\/?parent=9166"}],"curies":[{"name":"wp","href":"https:\/\/api.w.org\/{rel}","templated":true}]}}